{"id":623,"date":"2026-03-09T01:15:31","date_gmt":"2026-03-09T00:15:31","guid":{"rendered":"https:\/\/persiceto.uncoover.com\/?post_type=product&#038;p=623"},"modified":"2026-04-08T16:46:11","modified_gmt":"2026-04-08T15:46:11","slug":"pacchetto-motor-valley","status":"publish","type":"product","link":"https:\/\/persiceto.uncoover.com\/en\/product\/pacchetto-motor-valley\/","title":{"rendered":"Motor Valley Package"},"content":{"rendered":"<p>Questo pacchetto unisce l&#8217;ingresso al Museo Lamborghini con una notte in hotel (e colazione inclusa) in un\u2019unica soluzione.<\/p>\n<p>Scegliere San Giovanni in Persiceto significa godersi il meglio della Motor Valley e dell&#8217;Emilia, ma lontano dalla folla delle grandi citt\u00e0. Arrivi comodamente in macchina, parcheggi senza stress e, dopo il museo, ti aspetta la tranquillit\u00e0 del nostro Borgo Rotondo. Qui il tempo scorre pi\u00f9 lentamente: i portici, la Piazzetta Betlemme dipinta e le trattorie storiche offrono quell\u2019accoglienza calda e cordiale che solo i piccoli centri emiliani sanno dare.<\/p>\n<p>Choose your hotel, select your dates and book your weekend now.<\/p>","protected":false},"excerpt":{"rendered":"<p>1 Night in a Hotel (3 or 4-star choice)<br \/>\n \t 1 Lamborghini Museum entrance ticket<br \/>\n \t Buffet breakfast included<\/p>","protected":false},"featured_media":1339,"comment_status":"open","ping_status":"closed","template":"","meta":{"_acf_changed":false},"product_brand":[],"product_cat":[108],"product_tag":[],"class_list":{"0":"post-623","1":"product","2":"type-product","3":"status-publish","4":"has-post-thumbnail","6":"product_cat-pacchetti","8":"first","9":"instock","10":"virtual","11":"purchasable","12":"product-type-simple"},"acf":[],"_links":{"self":[{"href":"https:\/\/persiceto.uncoover.com\/en\/wp-json\/wp\/v2\/product\/623","targetHints":{"allow":["GET"]}}],"collection":[{"href":"https:\/\/persiceto.uncoover.com\/en\/wp-json\/wp\/v2\/product"}],"about":[{"href":"https:\/\/persiceto.uncoover.com\/en\/wp-json\/wp\/v2\/types\/product"}],"replies":[{"embeddable":true,"href":"https:\/\/persiceto.uncoover.com\/en\/wp-json\/wp\/v2\/comments?post=623"}],"version-history":[{"count":2,"href":"https:\/\/persiceto.uncoover.com\/en\/wp-json\/wp\/v2\/product\/623\/revisions"}],"predecessor-version":[{"id":1764,"href":"https:\/\/persiceto.uncoover.com\/en\/wp-json\/wp\/v2\/product\/623\/revisions\/1764"}],"wp:featuredmedia":[{"embeddable":true,"href":"https:\/\/persiceto.uncoover.com\/en\/wp-json\/wp\/v2\/media\/1339"}],"wp:attachment":[{"href":"https:\/\/persiceto.uncoover.com\/en\/wp-json\/wp\/v2\/media?parent=623"}],"wp:term":[{"taxonomy":"product_brand","embeddable":true,"href":"https:\/\/persiceto.uncoover.com\/en\/wp-json\/wp\/v2\/product_brand?post=623"},{"taxonomy":"product_cat","embeddable":true,"href":"https:\/\/persiceto.uncoover.com\/en\/wp-json\/wp\/v2\/product_cat?post=623"},{"taxonomy":"product_tag","embeddable":true,"href":"https:\/\/persiceto.uncoover.com\/en\/wp-json\/wp\/v2\/product_tag?post=623"}],"curies":[{"name":"wp","href":"https:\/\/api.w.org\/{rel}","templated":true}]}}