{"id":927,"date":"2026-03-16T00:24:55","date_gmt":"2026-03-15T23:24:55","guid":{"rendered":"https:\/\/persiceto.uncoover.com\/?page_id=927"},"modified":"2026-04-03T00:30:08","modified_gmt":"2026-04-02T23:30:08","slug":"tavola-emiliana","status":"publish","type":"page","link":"https:\/\/persiceto.uncoover.com\/en\/tavola-emiliana\/","title":{"rendered":"Tavola Emiliana"},"content":{"rendered":"<div data-elementor-type=\"wp-page\" data-elementor-id=\"927\" class=\"elementor elementor-927\" data-elementor-post-type=\"page\">\n\t\t\t\t<div data-particle_enable=\"false\" data-particle-mobile-disabled=\"false\" class=\"elementor-element elementor-element-59ccf7d1 e-con-full e-flex e-con e-parent\" data-id=\"59ccf7d1\" data-element_type=\"container\" data-e-type=\"container\">\n\t\t\t\t<div class=\"elementor-element elementor-element-305f7bde elementor-widget elementor-widget-shortcode\" data-id=\"305f7bde\" data-element_type=\"widget\" data-e-type=\"widget\" data-widget_type=\"shortcode.default\">\n\t\t\t\t\t\t\t<div class=\"elementor-shortcode\">    <div class=\"pte\">\n\n        <!-- \u2500\u2500 Hero intro \u2500\u2500 -->\n        <section class=\"pte__intro\">\n            <div class=\"pte__intro-inner\">\n                <p class=\"pte__intro-label\">Tradizione gastronomica<\/p>\n                <h1 class=\"pte__intro-title\">La <em>Tavola Emiliana<\/em><\/h1>\n                <p class=\"pte__intro-desc\">San Giovanni in Persiceto \u00e8 terra di sapori autentici. Dalla mortadella ai tortellini, dai vini dei Colli Bolognesi alle preparazioni contadine di una volta: qui la tavola \u00e8 cultura.<\/p>\n            <\/div>\n        <\/section>\n\n        <!-- \u2500\u2500 Storia e tradizione \u2500\u2500 -->\n        <section class=\"pte__story\">\n            <div class=\"pte__story-inner\">\n                <div>\n                    <h2 class=\"pte__story-title\">Mangiare bene \u00e8 una cosa seria<\/h2>\n                    <p class=\"pte__story-text\">La cucina di Persiceto affonda le radici nella tradizione contadina emiliana: pochi ingredienti, di qualit\u00e0, lavorati con cura e pazienza. La pianura fertile, i canali, i mercati storici hanno sempre garantito materie prime di eccellenza.<\/p>\n                    <p class=\"pte__story-text\" style=\"margin-top:16px\">Tortellini rigorosamente in brodo, crescentine fritte con salumi locali, zuppa inglese come dolce della festa. E poi i vini: Pignoletto e Barbera dai Colli Bolognesi, pochi chilometri a sud.<\/p>\n                <\/div>\n                <div>\n                    <blockquote class=\"pte__story-quote\">\n                        &ldquo;In Emilia il cibo non \u00e8 solo nutrimento: \u00e8 identit\u00e0, memoria, festa. A Persiceto questa tradizione \u00e8 ancora viva, tramandata di generazione in generazione.&rdquo;\n                    <\/blockquote>\n                <\/div>\n            <\/div>\n        <\/section>\n\n        <!-- \u2500\u2500 Prodotti tipici (CPT query) \u2500\u2500 -->\n        <section class=\"pte__prodotti\">\n            <div class=\"pte__prodotti-inner\">\n                <div class=\"pte__section-header\">\n                    <h2 class=\"pte__section-title\">Prodotti tipici del territorio<\/h2>\n                    <a href=\"https:\/\/persiceto.uncoover.com\/en\/prodotti-tipici\/\" class=\"pte__section-link\">\n                        Vedi tutti\n                        <svg xmlns=\"http:\/\/www.w3.org\/2000\/svg\" width=\"14\" height=\"14\" viewbox=\"0 0 24 24\" fill=\"none\" stroke=\"currentColor\" stroke-width=\"2.5\" stroke-linecap=\"round\" stroke-linejoin=\"round\"><path d=\"M5 12h14M12 5l7 7-7 7\"\/><\/svg>\n                    <\/a>\n                <\/div>\n\n                                <div class=\"pte__grid\">\n                                        <article class=\"pte__card\">\n                                                <img decoding=\"async\" class=\"pte__card-img\" src=\"https:\/\/persiceto.uncoover.com\/wp-content\/uploads\/2026\/03\/africanetto-di-persiceto-1-1-768x516.jpg\" alt=\"Africanetto di Persiceto\" loading=\"lazy\">\n                                                <div class=\"pte__card-body\">\n                            <span class=\"pte__card-label\">Prodotto tipico<\/span>\n                            <h3 class=\"pte__card-title\">Africanetto di Persiceto<\/h3>\n                                                        <p class=\"pte__card-desc\">Presente nella cultura gastronomica di San Giovanni in Persiceto da centinaia di anni, questo biscotto ha&hellip;<\/p>\n                                                        <a href=\"https:\/\/persiceto.uncoover.com\/en\/prodotto-tipico\/africanetto-di-persiceto\/\" class=\"pte__card-link\">Discover \u2192<\/a>\n                        <\/div>\n                    <\/article>\n                                        <article class=\"pte__card\">\n                                                <div class=\"pte__card-img--placeholder\">\ud83c\udf7d<\/div>\n                                                <div class=\"pte__card-body\">\n                            <span class=\"pte__card-label\">Prodotto tipico<\/span>\n                            <h3 class=\"pte__card-title\">Rag\u00f9 di campagna<\/h3>\n                                                        <p class=\"pte__card-desc\">La famosa ricetta del rag\u00f9 bolognese, depositata dall&#8217;Accademia Italiana della Cucina in Camera di Commercio, prevede&hellip;<\/p>\n                                                        <a href=\"https:\/\/persiceto.uncoover.com\/en\/prodotto-tipico\/ragu-di-campagna\/\" class=\"pte__card-link\">Discover \u2192<\/a>\n                        <\/div>\n                    <\/article>\n                                        <article class=\"pte__card\">\n                                                <img decoding=\"async\" class=\"pte__card-img\" src=\"https:\/\/persiceto.uncoover.com\/wp-content\/uploads\/2026\/03\/melone-mantovano-igp-1-768x512.png\" alt=\"Melone Mantovano IGP\" loading=\"lazy\">\n                                                <div class=\"pte__card-body\">\n                            <span class=\"pte__card-label\">Prodotto tipico<\/span>\n                            <h3 class=\"pte__card-title\">Melone Mantovano IGP<\/h3>\n                                                        <p class=\"pte__card-desc\">Coltivato fin dal Rinascimento nella pianura padana, il melone trova anche nel territorio di San Giovanni&hellip;<\/p>\n                                                        <a href=\"https:\/\/persiceto.uncoover.com\/en\/prodotto-tipico\/melone-mantovano-igp\/\" class=\"pte__card-link\">Discover \u2192<\/a>\n                        <\/div>\n                    <\/article>\n                                        <article class=\"pte__card\">\n                                                <img decoding=\"async\" class=\"pte__card-img\" src=\"https:\/\/persiceto.uncoover.com\/wp-content\/uploads\/2026\/03\/parmigiano-reggiano-dop-1-768x512.png\" alt=\"Parmigiano Reggiano DOP\" loading=\"lazy\">\n                                                <div class=\"pte__card-body\">\n                            <span class=\"pte__card-label\">Prodotto tipico<\/span>\n                            <h3 class=\"pte__card-title\">Parmigiano Reggiano DOP<\/h3>\n                                                        <p class=\"pte__card-desc\">Come ben chiarisce il disciplinare, i territori dei comuni della provincia di Bologna a sinistra del&hellip;<\/p>\n                                                        <a href=\"https:\/\/persiceto.uncoover.com\/en\/prodotto-tipico\/parmigiano-reggiano-dop\/\" class=\"pte__card-link\">Discover \u2192<\/a>\n                        <\/div>\n                    <\/article>\n                                        <article class=\"pte__card\">\n                                                <img decoding=\"async\" class=\"pte__card-img\" src=\"https:\/\/persiceto.uncoover.com\/wp-content\/uploads\/2026\/03\/sabadoni-1-768x526.jpg\" alt=\"Sabadoni\" loading=\"lazy\">\n                                                <div class=\"pte__card-body\">\n                            <span class=\"pte__card-label\">Prodotto tipico<\/span>\n                            <h3 class=\"pte__card-title\">Sabadoni<\/h3>\n                                                        <p class=\"pte__card-desc\">I sabadoni sono tortelli dolci ripieni, a forma di rettangolo allungato: tradizionalmente sono fritti e poi&hellip;<\/p>\n                                                        <a href=\"https:\/\/persiceto.uncoover.com\/en\/prodotto-tipico\/sabadoni\/\" class=\"pte__card-link\">Discover \u2192<\/a>\n                        <\/div>\n                    <\/article>\n                                    <\/div>\n                            <\/div>\n        <\/section>\n\n        <!-- \u2500\u2500 Ristoranti e locali (CPT query) \u2500\u2500 -->\n        <section class=\"pte__locali\">\n            <div class=\"pte__locali-inner\">\n                <div class=\"pte__section-header\">\n                    <h2 class=\"pte__section-title\">Dove mangiare a Persiceto<\/h2>\n                    <a href=\"https:\/\/persiceto.uncoover.com\/en\/cosa-mangiare\/\" class=\"pte__section-link\">\n                        Tutti i locali\n                        <svg xmlns=\"http:\/\/www.w3.org\/2000\/svg\" width=\"14\" height=\"14\" viewbox=\"0 0 24 24\" fill=\"none\" stroke=\"currentColor\" stroke-width=\"2.5\" stroke-linecap=\"round\" stroke-linejoin=\"round\"><path d=\"M5 12h14M12 5l7 7-7 7\"\/><\/svg>\n                    <\/a>\n                <\/div>\n\n                                <div class=\"pte__list\">\n                                        <a href=\"https:\/\/persiceto.uncoover.com\/en\/locale\/azienda-agricola-capponcelli\/\" class=\"pte__list-item\">\n                        <div class=\"pte__list-icon\">\ud83c\udf74<\/div>\n                        <div class=\"pte__list-body\">\n                            <p class=\"pte__list-title\">Capponcelli Farm<\/p>\n                            <p class=\"pte__list-meta\">Ristorante \u00b7 San Giovanni in Persiceto<\/p>\n                        <\/div>\n                        <div class=\"pte__list-arrow\">\n                            <svg xmlns=\"http:\/\/www.w3.org\/2000\/svg\" width=\"20\" height=\"20\" viewbox=\"0 0 24 24\" fill=\"none\" stroke=\"currentColor\" stroke-width=\"2\" stroke-linecap=\"round\" stroke-linejoin=\"round\"><path d=\"M5 12h14M12 5l7 7-7 7\"\/><\/svg>\n                        <\/div>\n                    <\/a>\n                                        <a href=\"https:\/\/persiceto.uncoover.com\/en\/locale\/azienda-agricola-caretti\/\" class=\"pte__list-item\">\n                        <div class=\"pte__list-icon\">\ud83c\udf74<\/div>\n                        <div class=\"pte__list-body\">\n                            <p class=\"pte__list-title\">Caretti Farm<\/p>\n                            <p class=\"pte__list-meta\">Ristorante \u00b7 San Giovanni in Persiceto<\/p>\n                        <\/div>\n                        <div class=\"pte__list-arrow\">\n                            <svg xmlns=\"http:\/\/www.w3.org\/2000\/svg\" width=\"20\" height=\"20\" viewbox=\"0 0 24 24\" fill=\"none\" stroke=\"currentColor\" stroke-width=\"2\" stroke-linecap=\"round\" stroke-linejoin=\"round\"><path d=\"M5 12h14M12 5l7 7-7 7\"\/><\/svg>\n                        <\/div>\n                    <\/a>\n                                        <a href=\"https:\/\/persiceto.uncoover.com\/en\/locale\/sire-lalveare-salutare\/\" class=\"pte__list-item\">\n                        <div class=\"pte__list-icon\">\ud83c\udf74<\/div>\n                        <div class=\"pte__list-body\">\n                            <p class=\"pte__list-title\">Sire L&#8217;Alveare Salutare<\/p>\n                            <p class=\"pte__list-meta\">Ristorante \u00b7 San Giovanni in Persiceto<\/p>\n                        <\/div>\n                        <div class=\"pte__list-arrow\">\n                            <svg xmlns=\"http:\/\/www.w3.org\/2000\/svg\" width=\"20\" height=\"20\" viewbox=\"0 0 24 24\" fill=\"none\" stroke=\"currentColor\" stroke-width=\"2\" stroke-linecap=\"round\" stroke-linejoin=\"round\"><path d=\"M5 12h14M12 5l7 7-7 7\"\/><\/svg>\n                        <\/div>\n                    <\/a>\n                                        <a href=\"https:\/\/persiceto.uncoover.com\/en\/locale\/perbacco-che-bar\/\" class=\"pte__list-item\">\n                        <div class=\"pte__list-icon\">\ud83c\udf74<\/div>\n                        <div class=\"pte__list-body\">\n                            <p class=\"pte__list-title\">PerBacco that Bar<\/p>\n                            <p class=\"pte__list-meta\">Ristorante \u00b7 San Giovanni in Persiceto<\/p>\n                        <\/div>\n                        <div class=\"pte__list-arrow\">\n                            <svg xmlns=\"http:\/\/www.w3.org\/2000\/svg\" width=\"20\" height=\"20\" viewbox=\"0 0 24 24\" fill=\"none\" stroke=\"currentColor\" stroke-width=\"2\" stroke-linecap=\"round\" stroke-linejoin=\"round\"><path d=\"M5 12h14M12 5l7 7-7 7\"\/><\/svg>\n                        <\/div>\n                    <\/a>\n                                        <a href=\"https:\/\/persiceto.uncoover.com\/en\/locale\/trattoria-la-piazzetta\/\" class=\"pte__list-item\">\n                        <div class=\"pte__list-icon\">\ud83c\udf74<\/div>\n                        <div class=\"pte__list-body\">\n                            <p class=\"pte__list-title\">Trattoria La Piazzetta<\/p>\n                            <p class=\"pte__list-meta\">Ristorante \u00b7 San Giovanni in Persiceto<\/p>\n                        <\/div>\n                        <div class=\"pte__list-arrow\">\n                            <svg xmlns=\"http:\/\/www.w3.org\/2000\/svg\" width=\"20\" height=\"20\" viewbox=\"0 0 24 24\" fill=\"none\" stroke=\"currentColor\" stroke-width=\"2\" stroke-linecap=\"round\" stroke-linejoin=\"round\"><path d=\"M5 12h14M12 5l7 7-7 7\"\/><\/svg>\n                        <\/div>\n                    <\/a>\n                                        <a href=\"https:\/\/persiceto.uncoover.com\/en\/locale\/bere-bene\/\" class=\"pte__list-item\">\n                        <div class=\"pte__list-icon\">\ud83c\udf74<\/div>\n                        <div class=\"pte__list-body\">\n                            <p class=\"pte__list-title\">Drinking Well<\/p>\n                            <p class=\"pte__list-meta\">Ristorante \u00b7 San Giovanni in Persiceto<\/p>\n                        <\/div>\n                        <div class=\"pte__list-arrow\">\n                            <svg xmlns=\"http:\/\/www.w3.org\/2000\/svg\" width=\"20\" height=\"20\" viewbox=\"0 0 24 24\" fill=\"none\" stroke=\"currentColor\" stroke-width=\"2\" stroke-linecap=\"round\" stroke-linejoin=\"round\"><path d=\"M5 12h14M12 5l7 7-7 7\"\/><\/svg>\n                        <\/div>\n                    <\/a>\n                                    <\/div>\n                            <\/div>\n        <\/section>\n\n        <!-- \u2500\u2500 Info pratiche \u2500\u2500 -->\n        <section class=\"pte__info\">\n            <div class=\"pte__info-inner\">\n                <h2 class=\"pte__info-title\">Info pratiche per i buongustai<\/h2>\n                <div class=\"pte__info-grid\">\n\n                    <div class=\"pte__info-box\">\n                        <span class=\"pte__info-box-icon\">\ud83d\uddd3<\/span>\n                        <p class=\"pte__info-box-title\">Mercato settimanale<\/p>\n                        <p class=\"pte__info-box-text\">Ogni mercoled\u00ec e sabato mattina in Piazza del Popolo. Produttori locali, frutta, verdura e prodotti tipici del territorio bolognese.<\/p>\n                    <\/div>\n\n                    <div class=\"pte__info-box\">\n                        <span class=\"pte__info-box-icon\">\ud83c\udf89<\/span>\n                        <p class=\"pte__info-box-title\">Sagre ed eventi<\/p>\n                        <p class=\"pte__info-box-text\">Il territorio ospita sagre gastronomiche in estate e autunno. La Fiera di San Giovanni (giugno) \u00e8 l'appuntamento pi\u00f9 atteso dell'anno.<\/p>\n                    <\/div>\n\n                    <div class=\"pte__info-box\">\n                        <span class=\"pte__info-box-icon\">\ud83d\uded2<\/span>\n                        <p class=\"pte__info-box-title\">Dove comprare<\/p>\n                        <p class=\"pte__info-box-text\">Salumerie, gastronomie e negozi di prodotti tipici nel centro storico. Chiedete della mortadella e del Pignoletto sfuso ai produttori locali.<\/p>\n                    <\/div>\n\n                <\/div>\n            <\/div>\n        <\/section>\n\n        <!-- \u2500\u2500 CTA bottom \u2500\u2500 -->\n        <div class=\"pte__cta\">\n            <div class=\"pte__cta-inner\">\n                <h2 class=\"pte__cta-title\">Esplora tutto il territorio<\/h2>\n                <div class=\"pte__cta-btns\">\n                    <a href=\"https:\/\/persiceto.uncoover.com\/en\/cosa-mangiare\/\" class=\"pte__cta-btn pte__cta-btn--gold\">\n                        Where to eat\n                        <svg xmlns=\"http:\/\/www.w3.org\/2000\/svg\" width=\"16\" height=\"16\" viewbox=\"0 0 24 24\" fill=\"none\" stroke=\"currentColor\" stroke-width=\"2.5\" stroke-linecap=\"round\" stroke-linejoin=\"round\"><path d=\"M5 12h14M12 5l7 7-7 7\"\/><\/svg>\n                    <\/a>\n                    <a href=\"https:\/\/persiceto.uncoover.com\/en\/prodotti-tipici\/\" class=\"pte__cta-btn pte__cta-btn--outline\">\n                        Typical products\n                        <svg xmlns=\"http:\/\/www.w3.org\/2000\/svg\" width=\"16\" height=\"16\" viewbox=\"0 0 24 24\" fill=\"none\" stroke=\"currentColor\" stroke-width=\"2.5\" stroke-linecap=\"round\" stroke-linejoin=\"round\"><path d=\"M5 12h14M12 5l7 7-7 7\"\/><\/svg>\n                    <\/a>\n                <\/div>\n            <\/div>\n        <\/div>\n\n    <\/div><!-- \/.pte -->\n    <\/div>\n\t\t\t\t\t\t<\/div>\n\t\t\t\t<\/div>\n\t\t\t\t<\/div>","protected":false},"excerpt":{"rendered":"","protected":false},"author":1,"featured_media":0,"parent":0,"menu_order":0,"comment_status":"closed","ping_status":"closed","template":"","meta":{"_acf_changed":false,"footnotes":""},"class_list":["post-927","page","type-page","status-publish","hentry"],"acf":[],"_links":{"self":[{"href":"https:\/\/persiceto.uncoover.com\/en\/wp-json\/wp\/v2\/pages\/927","targetHints":{"allow":["GET"]}}],"collection":[{"href":"https:\/\/persiceto.uncoover.com\/en\/wp-json\/wp\/v2\/pages"}],"about":[{"href":"https:\/\/persiceto.uncoover.com\/en\/wp-json\/wp\/v2\/types\/page"}],"author":[{"embeddable":true,"href":"https:\/\/persiceto.uncoover.com\/en\/wp-json\/wp\/v2\/users\/1"}],"replies":[{"embeddable":true,"href":"https:\/\/persiceto.uncoover.com\/en\/wp-json\/wp\/v2\/comments?post=927"}],"version-history":[{"count":8,"href":"https:\/\/persiceto.uncoover.com\/en\/wp-json\/wp\/v2\/pages\/927\/revisions"}],"predecessor-version":[{"id":1743,"href":"https:\/\/persiceto.uncoover.com\/en\/wp-json\/wp\/v2\/pages\/927\/revisions\/1743"}],"wp:attachment":[{"href":"https:\/\/persiceto.uncoover.com\/en\/wp-json\/wp\/v2\/media?parent=927"}],"curies":[{"name":"wp","href":"https:\/\/api.w.org\/{rel}","templated":true}]}}